{"id":2,"date":"2021-11-16T17:05:47","date_gmt":"2021-11-16T16:05:47","guid":{"rendered":"https:\/\/youngverifiedleaders.org\/?page_id=2"},"modified":"2022-02-03T13:31:58","modified_gmt":"2022-02-03T12:31:58","slug":"ueber-uns","status":"publish","type":"page","link":"https:\/\/youngverifiedleaders.org\/de\/ueber-uns\/","title":{"rendered":"\u00dcber Uns"},"content":{"rendered":"<p>[et_pb_section fb_built=&#8220;1&#8243; fullwidth=&#8220;on&#8220; _builder_version=&#8220;4.14.2&#8243; _module_preset=&#8220;default&#8220; custom_margin=&#8220;0px|0px|0px|0px|true|true&#8220; custom_padding=&#8220;0px|0px|0px|0px|true|true&#8220; bottom_divider_style=&#8220;curve&#8220; bottom_divider_color=&#8220;#FFFFFF&#8220; bottom_divider_height=&#8220;30px&#8220; bottom_divider_height_tablet=&#8220;30px&#8220; bottom_divider_height_phone=&#8220;10px&#8220; bottom_divider_height_last_edited=&#8220;on|phone&#8220; global_colors_info=&#8220;{}&#8220;][et_pb_fullwidth_header title=&#8220;YOUNG VERIFIED LEADERS&#8220; background_overlay_color=&#8220;rgba(0,0,0,0.3)&#8220; _builder_version=&#8220;4.14.7&#8243; _module_preset=&#8220;default&#8220; content_font_size=&#8220;26px&#8220; background_color=&#8220;#FFFFFF&#8220; background_image=&#8220;https:\/\/youngverifiedleaders.org\/wp-content\/uploads\/2022\/01\/Young-Verified-Leaders-About-Us-selfie.jpg&#8220; position_origin_a=&#8220;top_center&#8220; width=&#8220;100%&#8220; height=&#8220;800px&#8220; height_tablet=&#8220;500px&#8220; height_phone=&#8220;390px&#8220; height_last_edited=&#8220;on|phone&#8220; custom_margin=&#8220;0px|0px|0px|0px|true|true&#8220; custom_padding=&#8220;600px||||false|false&#8220; custom_padding_tablet=&#8220;350px||||false|false&#8220; custom_padding_phone=&#8220;170px||||false|false&#8220; custom_padding_last_edited=&#8220;on|phone&#8220; locked=&#8220;off&#8220; global_colors_info=&#8220;{}&#8220; background_overlay_color__hover_enabled=&#8220;on|hover&#8220; background_overlay_color__hover=&#8220;rgba(0,0,0,0)&#8220;]<\/p>\n<p>The young, international solidarity partnership.<\/p>\n<p>[\/et_pb_fullwidth_header][\/et_pb_section][et_pb_section fb_built=&#8220;1&#8243; _builder_version=&#8220;4.13.1&#8243; custom_margin=&#8220;0px|0px|0px|0px|true|true&#8220; custom_padding=&#8220;0px|0px|0px|0px|true|true&#8220; global_colors_info=&#8220;{}&#8220;][et_pb_row _builder_version=&#8220;4.14.2&#8243; background_size=&#8220;initial&#8220; background_position=&#8220;top_left&#8220; background_repeat=&#8220;repeat&#8220; custom_padding=&#8220;50px||||false|false&#8220; global_colors_info=&#8220;{}&#8220;][et_pb_column type=&#8220;4_4&#8243; _builder_version=&#8220;3.25&#8243; custom_padding=&#8220;|||&#8220; global_colors_info=&#8220;{}&#8220; custom_padding__hover=&#8220;|||&#8220;][et_pb_text _builder_version=&#8220;4.14.7&#8243; text_font=&#8220;Barlow-fty-Regular||||||||&#8220; text_text_color=&#8220;gcid-c2d94b7a-47f8-4e7f-83cc-b1524738ede7&#8243; text_line_height=&#8220;1.75em&#8220; header_font=&#8220;Barlow-fty-Medium||||||||&#8220; header_text_color=&#8220;gcid-c2d94b7a-47f8-4e7f-83cc-b1524738ede7&#8243; header_line_height=&#8220;1.2em&#8220; header_2_font=&#8220;Barlow-fty-Medium||||||||&#8220; header_2_text_color=&#8220;gcid-c2d94b7a-47f8-4e7f-83cc-b1524738ede7&#8243; header_2_font_size=&#8220;30px&#8220; header_2_line_height=&#8220;1.2em&#8220; header_3_font=&#8220;Barlow-fty-Medium||||||||&#8220; header_3_text_color=&#8220;gcid-c2d94b7a-47f8-4e7f-83cc-b1524738ede7&#8243; header_3_line_height=&#8220;1.2em&#8220; background_size=&#8220;initial&#8220; background_position=&#8220;top_left&#8220; background_repeat=&#8220;repeat&#8220; text_font_size_tablet=&#8220;18px&#8220; text_font_size_phone=&#8220;18px&#8220; text_font_size_last_edited=&#8220;on|desktop&#8220; text_letter_spacing_last_edited=&#8220;off|tablet&#8220; text_line_height_tablet=&#8220;1.8em&#8220; text_line_height_phone=&#8220;1.8em&#8220; global_colors_info=&#8220;{%22gcid-c2d94b7a-47f8-4e7f-83cc-b1524738ede7%22:%91%22header_text_color%22,%22text_text_color%22,%22header_2_text_color%22,%22header_3_text_color%22%93}&#8220; text_letter_spacing__hover_enabled=&#8220;on|desktop&#8220;]<\/p>\n<h1>Unsere Geschichte und unser Erfahrungsschatz<\/h1>\n<p><strong>Das Projekt \u201eYoung Verified Leaders\u201c (YVL) ist das Ergebnis internationaler Solidarit\u00e4t und einer langj\u00e4hrigen Partnerschaft zwischen vier Organisationen: \u201eADEEJ\u201c (Algerien), \u201eALEJ\u201c (Algerien), \u201eWe love Sousse\u201c (Tunesien) und der \u201eSolidarit\u00e4tsjugend Deutschland \u2013 Solijugend\u201c (Deutschland). YVL ist eine direkte Antwort auf die sozialen Auswirkungen der Ma\u00dfnahmen und Folgen der weltweit noch andauernden Pandemie. Nun ist es an der Zeit, neue konkrete Aktivit\u00e4ten f\u00fcr junge Menschen in Algerien, Tunesien und Deutschland zu schaffen und unsere Verbindungen zu verst\u00e4rken.<\/strong><\/p>\n<p>[\/et_pb_text][et_pb_image src=&#8220;https:\/\/youngverifiedleaders.org\/wp-content\/uploads\/2022\/01\/Young-Verified-Leaders-About-Us-Portraits.jpg&#8220; title_text=&#8220;Young Verified Leaders About Us Portraits&#8220; show_bottom_space=&#8220;off&#8220; align=&#8220;center&#8220; _builder_version=&#8220;4.14.7&#8243; _module_preset=&#8220;default&#8220; custom_margin=&#8220;2em||2em||true|false&#8220; locked=&#8220;off&#8220; global_colors_info=&#8220;{}&#8220;][\/et_pb_image][et_pb_text _builder_version=&#8220;4.14.7&#8243; text_font=&#8220;Barlow-fty-Regular||||||||&#8220; text_text_color=&#8220;gcid-c2d94b7a-47f8-4e7f-83cc-b1524738ede7&#8243; text_line_height=&#8220;1.75em&#8220; header_font=&#8220;Barlow-fty-Medium||||||||&#8220; header_text_color=&#8220;gcid-c2d94b7a-47f8-4e7f-83cc-b1524738ede7&#8243; header_line_height=&#8220;1.2em&#8220; header_2_font=&#8220;Barlow-fty-Medium||||||||&#8220; header_2_text_color=&#8220;gcid-c2d94b7a-47f8-4e7f-83cc-b1524738ede7&#8243; header_2_font_size=&#8220;30px&#8220; header_2_line_height=&#8220;1.2em&#8220; header_3_font=&#8220;Barlow-fty-Medium||||||||&#8220; header_3_text_color=&#8220;gcid-c2d94b7a-47f8-4e7f-83cc-b1524738ede7&#8243; header_3_line_height=&#8220;1.2em&#8220; background_size=&#8220;initial&#8220; background_position=&#8220;top_left&#8220; background_repeat=&#8220;repeat&#8220; hover_enabled=&#8220;0&#8243; text_font_size_tablet=&#8220;18px&#8220; text_font_size_phone=&#8220;18px&#8220; text_font_size_last_edited=&#8220;on|desktop&#8220; text_letter_spacing_last_edited=&#8220;off|tablet&#8220; text_line_height_tablet=&#8220;1.8em&#8220; text_line_height_phone=&#8220;1.8em&#8220; global_colors_info=&#8220;{%22gcid-c2d94b7a-47f8-4e7f-83cc-b1524738ede7%22:%91%22header_text_color%22,%22text_text_color%22,%22header_2_text_color%22,%22header_3_text_color%22%93}&#8220; text_letter_spacing__hover_enabled=&#8220;on|desktop&#8220; sticky_enabled=&#8220;0&#8243;]<\/p>\n<p>Vor dem Hintergrund einer globalen Pandemie, die den internationalen Dialog erheblich einschr\u00e4nkt, m\u00fcssen wir heute jungen Menschen, die aktiv im Jugendbereich arbeiten, begleiten und unterst\u00fctzen, um ihnen Perspektiven zu bieten, die ihren Erwartungen entsprechen.<br \/>Internationale Solidarit\u00e4t (neu) zu denken bedeutet, unsere jungen F\u00fchrungskr\u00e4fte auf die sehr unterschiedlichen Realit\u00e4ten in ihren Heimatl\u00e4ndern vorzubereiten. Ob kulturell, wirtschaftlich, politisch oder sozial, ihre anhaltenden Ungleichheiten sind der Ausgangspunkt unserer Zusammenarbeit: Wir laden die Jugend ein, den Status quo zu hinterfragen.<\/p>\n<p>Im Rahmen unseres Programms bieten wir jungen Algerier:innen, Tunesier:innen und Deutschen an, sich als internationale:r Jugendleiter:in zu qualifizieren und am Ende der Ausbildung eine Juleica (Jugendleiter:innenkarte) zu erhalten. Langfristig erhalten unsere jungen Leiter:innen Zugang zu methodischen Werkzeugen, notwendigem Know-how und Wissenstransfer von erfahrenen Expert:innen, um selbstst\u00e4ndig internationale Jugendbegegnungen zu organisieren und Gruppen leiten zu d\u00fcrfen.<\/p>\n<h2>Unsere Vision<\/h2>\n<p>\u201eYoung Verified Leaders\u201c wurde aus dem gemeinsamen Wunsch geboren, einen nachhaltigen und kontinuierlichen trilateralen interkulturellen Austausch zwischen jungen Menschen und Fachkr\u00e4ften aus den drei L\u00e4ndern zu schaffen.<br \/>Auf der Grundlage von Empathie und solidarischem Miteinander sowie einer Zusammenarbeit auf Augenh\u00f6he, wollen wir jedem jungen Menschen Zugang zu einer qualitativ hochwertigen, verantwortungsvollen und engagierten F\u00fchrungsausbildung verschaffen. Unser Ziel ist es, ein einzigartiges Netzwerk von jungen F\u00fchrungskr\u00e4ften zu entwickeln, das auf nationaler und internationaler Ebene anerkannt ist. Wir glauben fest an die Synergieeffekte, die die Singularit\u00e4t unserer jungen Menschen verbinden, die zwar aus unterschiedlichen Kulturen kommen, aber gemeinsame Interessen und \u00e4hnliche Lebensstile teilen. Gemeinsam geht es darum, ein einzigartiges Projekt zu verwirklichen, in dem die Stimme jedes:jeder Akteur:in im Sinne einer Gleichberechtigung aller Beteiligten geh\u00f6rt wird.<\/p>\n<h2>Unser Auftrag<\/h2>\n<p>Die Hauptaufgabe unseres Projekts besteht darin, junge zuk\u00fcnftige F\u00fchrungskr\u00e4fte aus Deutschland, Algerien und Tunesien in Gruppen von jungen internationalen Teilnehmenden auszubilden. Dieses einzigartige Programm kombiniert hybride und face-to-face Aktivit\u00e4ten in einem internationalen und multidisziplin\u00e4ren Umfeld mit einer gro\u00dfen sprachlichen Vielfalt. Das Projekt dient dazu das Wissenstransfer zwischen Haupt- und Ehrenamt zu f\u00f6rdern und die Untergliederungen der internationalen Jugendarbeit zu st\u00e4rken. In praktischen und theoretischen Lerneinheiten werden verschiedene Aktivit\u00e4ten im Zusammenhang mit F\u00fchrungskompetenzen vorgestellt: die Rolle als Gruppenleitung, Selbstwahrnehmung, Rechte und Pflichten junger F\u00fchrungskr\u00e4fte aus einer interkulturellen Perspektive, die Rolle der Medien und Achtsamkeit f\u00fcr Social Media, physische und psychische Gesundheit, Geschlechterfragen, Kommunikation und Konfliktmanagement, die Bedeutung der postkolonialen Studien innerhalb des Kampfes gegen Extremismus und Rassismus.<\/p>\n<p>[\/et_pb_text][et_pb_image src=&#8220;https:\/\/youngverifiedleaders.org\/wp-content\/uploads\/2022\/02\/Young-Verified-Leaders-Our-Mission.jpg&#8220; title_text=&#8220;Young-Verified-Leaders-Our-Mission&#8220; show_bottom_space=&#8220;off&#8220; align=&#8220;center&#8220; admin_label=&#8220;Image Our Mission&#8220; _builder_version=&#8220;4.14.7&#8243; _module_preset=&#8220;default&#8220; custom_margin=&#8220;2em||2em||true|false&#8220; locked=&#8220;off&#8220; global_colors_info=&#8220;{}&#8220;][\/et_pb_image][\/et_pb_column][\/et_pb_row][\/et_pb_section]<\/p>\n","protected":false},"excerpt":{"rendered":"<p>The young, international solidarity partnership.Unsere Geschichte und unser Erfahrungsschatz Das Projekt \u201eYoung Verified Leaders\u201c (YVL) ist das Ergebnis internationaler Solidarit\u00e4t und einer langj\u00e4hrigen Partnerschaft zwischen vier Organisationen: \u201eADEEJ\u201c (Algerien), \u201eALEJ\u201c (Algerien), \u201eWe love Sousse\u201c (Tunesien) und der \u201eSolidarit\u00e4tsjugend Deutschland \u2013 Solijugend\u201c (Deutschland). YVL ist eine direkte Antwort auf die sozialen Auswirkungen der Ma\u00dfnahmen und Folgen [&hellip;]<\/p>\n","protected":false},"author":1,"featured_media":0,"parent":0,"menu_order":20,"comment_status":"closed","ping_status":"closed","template":"","meta":{"_et_pb_use_builder":"on","_et_pb_old_content":"<!-- wp:paragraph -->\r\n<p>Dies ist eine Beispiel-Seite. Sie unterscheidet sich von Beitr\u00e4gen, da sie stets an derselben Stelle bleibt und (bei den meisten Themes) in der Website-Navigation angezeigt wird. Die meisten starten mit einem Impressum, der Datenschutzerkl\u00e4rung oder einer \u201e\u00dcber uns\u201c-Seite, um sich potenziellen Besuchern der Website vorzustellen. Dort k\u00f6nnte zum Beispiel stehen:<\/p>\r\n<!-- \/wp:paragraph -->\r\n\r\n<!-- wp:quote -->\r\n<blockquote class=\"wp-block-quote\"><p>Hallo! Tags\u00fcber arbeite ich als Fahrradkurier, nachts bin ich ein aufstrebender Schauspieler und dies hier ist meine Website. Ich lebe in Berlin, habe einen gro\u00dfen Hund namens Jack, mag Pi\u00f1a Coladas, jedoch weniger (ohne Schirm) im Regen stehen gelassen zu werden.<\/p><\/blockquote>\r\n<!-- \/wp:quote -->\r\n\r\n<!-- wp:paragraph -->\r\n<p>...oder so etwas wie das hier:<\/p>\r\n<!-- \/wp:paragraph -->\r\n\r\n<!-- wp:quote -->\r\n<blockquote class=\"wp-block-quote\"><p>Das Unternehmen XYZ wurde 1971 gegr\u00fcndet und versorgt die \u00d6ffentlichkeit seither mit qualitativ hochwertigen Produkten. An seinem Standort in einer kleinen Gro\u00dfstadt besch\u00e4ftigt der Betrieb \u00fcber 2.000 Menschen und unterst\u00fctzt die Stadtbewohner in vielfacher Hinsicht.<\/p><\/blockquote>\r\n<!-- \/wp:quote -->\r\n\r\n<!-- wp:paragraph -->\r\n<p>Als neuer WordPress-Benutzer solltest du <a href=\"https:\/\/youngverifiedleaders.org\/wp-admin\/\">dein Dashboard<\/a> aufrufen, um diese Seite zu l\u00f6schen und neue Seiten und Beitr\u00e4ge f\u00fcr deine Website erstellen. Viel Spa\u00df!<\/p>\r\n<!-- \/wp:paragraph -->","_et_gb_content_width":"","footnotes":""},"class_list":["post-2","page","type-page","status-publish","hentry"],"_links":{"self":[{"href":"https:\/\/youngverifiedleaders.org\/de\/wp-json\/wp\/v2\/pages\/2","targetHints":{"allow":["GET"]}}],"collection":[{"href":"https:\/\/youngverifiedleaders.org\/de\/wp-json\/wp\/v2\/pages"}],"about":[{"href":"https:\/\/youngverifiedleaders.org\/de\/wp-json\/wp\/v2\/types\/page"}],"author":[{"embeddable":true,"href":"https:\/\/youngverifiedleaders.org\/de\/wp-json\/wp\/v2\/users\/1"}],"replies":[{"embeddable":true,"href":"https:\/\/youngverifiedleaders.org\/de\/wp-json\/wp\/v2\/comments?post=2"}],"version-history":[{"count":3,"href":"https:\/\/youngverifiedleaders.org\/de\/wp-json\/wp\/v2\/pages\/2\/revisions"}],"predecessor-version":[{"id":53968,"href":"https:\/\/youngverifiedleaders.org\/de\/wp-json\/wp\/v2\/pages\/2\/revisions\/53968"}],"wp:attachment":[{"href":"https:\/\/youngverifiedleaders.org\/de\/wp-json\/wp\/v2\/media?parent=2"}],"curies":[{"name":"wp","href":"https:\/\/api.w.org\/{rel}","templated":true}]}}